{"id":975,"date":"2023-06-29T08:35:26","date_gmt":"2023-06-29T07:35:26","guid":{"rendered":"https:\/\/lalectora.com\/?page_id=975"},"modified":"2023-06-29T16:33:55","modified_gmt":"2023-06-29T15:33:55","slug":"somos","status":"publish","type":"page","link":"https:\/\/lalectora.com\/en\/somos\/","title":{"rendered":"Our history"},"content":{"rendered":"<div data-elementor-type=\"wp-page\" data-elementor-id=\"975\" class=\"elementor elementor-975\" data-elementor-post-type=\"page\">\n\t\t\t\t<div class=\"elementor-element elementor-element-6c86c11 e-flex e-con-boxed e-con e-parent\" data-id=\"6c86c11\" data-element_type=\"container\">\n\t\t\t\t\t<div class=\"e-con-inner\">\n\t\t<div class=\"elementor-element elementor-element-11382a0 e-con-full e-flex e-con e-child\" data-id=\"11382a0\" data-element_type=\"container\">\n\t\t\t\t<div class=\"elementor-element elementor-element-93abb5f animated-fast elementor-invisible elementor-widget elementor-widget-image\" data-id=\"93abb5f\" data-element_type=\"widget\" data-settings=\"{&quot;_animation&quot;:&quot;fadeIn&quot;}\" data-widget_type=\"image.default\">\n\t\t\t\t<div class=\"elementor-widget-container\">\n\t\t\t\t\t\t\t\t\t\t\t\t\t\t\t<img fetchpriority=\"high\" decoding=\"async\" width=\"678\" height=\"942\" src=\"https:\/\/lalectora.com\/wp-content\/uploads\/2023\/06\/la-lectora-cadiz.webp\" class=\"attachment-full size-full wp-image-1038\" alt=\"La lectora es una cafeter\u00eda en el centro de C\u00e1diz\" srcset=\"https:\/\/lalectora.com\/wp-content\/uploads\/2023\/06\/la-lectora-cadiz.webp 678w, https:\/\/lalectora.com\/wp-content\/uploads\/2023\/06\/la-lectora-cadiz-216x300.webp 216w\" sizes=\"(max-width: 678px) 100vw, 678px\" \/>\t\t\t\t\t\t\t\t\t\t\t\t\t\t\t<\/div>\n\t\t\t\t<\/div>\n\t\t\t\t<\/div>\n\t\t<div class=\"elementor-element elementor-element-e80746d e-con-full e-flex e-con e-child\" data-id=\"e80746d\" data-element_type=\"container\">\n\t\t\t\t<div class=\"elementor-element elementor-element-20c88eb elementor-widget elementor-widget-heading\" data-id=\"20c88eb\" data-element_type=\"widget\" data-widget_type=\"heading.default\">\n\t\t\t\t<div class=\"elementor-widget-container\">\n\t\t\t\t\t<h1 class=\"elementor-heading-title elementor-size-default\">Who is La Lectora?<\/h1>\t\t\t\t<\/div>\n\t\t\t\t<\/div>\n\t\t\t\t<div class=\"elementor-element elementor-element-b826e6e elementor-widget__width-initial elementor-widget elementor-widget-text-editor\" data-id=\"b826e6e\" data-element_type=\"widget\" data-widget_type=\"text-editor.default\">\n\t\t\t\t<div class=\"elementor-widget-container\">\n\t\t\t\t\t\t\t\t\t<p>A woman, mother of two incredible children, and the <strong>creative mind<\/strong> behind this exciting venture in the hospitality industry.<\/p><p>Loly was born in T\u00edjola, in the province of Almer\u00eda, where she decided to study Art History and leave home, only to return later and purchase a bookstore. This chapter of her life was something she immensely enjoyed.<\/p><p>From a young age, she has always been an <strong>avid reader<\/strong>. That is why being in contact with books and stationery materials was extremely gratifying for her. <br \/>Sin duda, ser librera es una ocupaci\u00f3n que am\u00f3.<\/p><p>Over the years, with the goal of bringing the family together, she sold her bookstore and moved to C\u00e1diz.<br \/>After a sabbatical year, she decided to embark on a new professional adventure, this time in a caf\u00e9 where her love for books wouldn't be lost. She named it <strong>La Lectora.<\/strong><\/p><p>This was a great challenge, as she had never before worked in the hospitality industry.<\/p>\t\t\t\t\t\t\t\t<\/div>\n\t\t\t\t<\/div>\n\t\t\t\t<\/div>\n\t\t\t\t\t<\/div>\n\t\t\t\t<\/div>\n\t\t<div class=\"elementor-element elementor-element-db7269c e-flex e-con-boxed e-con e-parent\" data-id=\"db7269c\" data-element_type=\"container\">\n\t\t\t\t\t<div class=\"e-con-inner\">\n\t\t\t\t<div class=\"elementor-element elementor-element-7842d9c elementor-widget elementor-widget-image\" data-id=\"7842d9c\" data-element_type=\"widget\" data-widget_type=\"image.default\">\n\t\t\t\t<div class=\"elementor-widget-container\">\n\t\t\t\t\t\t\t\t\t\t\t\t\t\t\t<img decoding=\"async\" width=\"942\" height=\"678\" src=\"https:\/\/lalectora.com\/wp-content\/uploads\/2023\/06\/Loli-corral-la-lectora.webp\" class=\"attachment-full size-full wp-image-1039\" alt=\"Loli Corral la due\u00f1a de la cafeter\u00eda La Lectora en C\u00e1diz\" srcset=\"https:\/\/lalectora.com\/wp-content\/uploads\/2023\/06\/Loli-corral-la-lectora.webp 942w, https:\/\/lalectora.com\/wp-content\/uploads\/2023\/06\/Loli-corral-la-lectora-300x216.webp 300w, https:\/\/lalectora.com\/wp-content\/uploads\/2023\/06\/Loli-corral-la-lectora-768x553.webp 768w\" sizes=\"(max-width: 942px) 100vw, 942px\" \/>\t\t\t\t\t\t\t\t\t\t\t\t\t\t\t<\/div>\n\t\t\t\t<\/div>\n\t\t\t\t<div class=\"elementor-element elementor-element-edb0e29 elementor-widget elementor-widget-heading\" data-id=\"edb0e29\" data-element_type=\"widget\" data-widget_type=\"heading.default\">\n\t\t\t\t<div class=\"elementor-widget-container\">\n\t\t\t\t\t<h1 class=\"elementor-heading-title elementor-size-default\">A coffee with a book.<\/h1>\t\t\t\t<\/div>\n\t\t\t\t<\/div>\n\t\t\t\t<div class=\"elementor-element elementor-element-9d4b841 elementor-widget__width-initial elementor-widget elementor-widget-text-editor\" data-id=\"9d4b841\" data-element_type=\"widget\" data-widget_type=\"text-editor.default\">\n\t\t\t\t<div class=\"elementor-widget-container\">\n\t\t\t\t\t\t\t\t\t<p>With a lot of dedication, effort, trial and error, and the willingness to explore new ways of working, we managed to meet the challenge.<\/p><p>This was possible thanks to my family and the wonderful team we have formed at <strong>La Lectora.<\/strong><\/p><p>In our <strong>cafe<\/strong>, the <strong>books<\/strong>, the <strong>letters<\/strong> and art play a central role, just like <strong>coffee<\/strong>, the <strong>tea<\/strong>, the <strong>cakes <\/strong>and many others delights that make up our extensive menu.<\/p>\t\t\t\t\t\t\t\t<\/div>\n\t\t\t\t<\/div>\n\t\t\t\t\t<\/div>\n\t\t\t\t<\/div>\n\t\t\t\t<\/div>","protected":false},"excerpt":{"rendered":"<p>\u00bfQui\u00e9n es La Lectora? Una mujer, madre de dos hijos incre\u00edbles y la mente creativa detr\u00e1s de esta emocionante aventura en la hosteler\u00eda. Loly naci\u00f3 en T\u00edjola, en la provincia de Almer\u00eda, donde decidi\u00f3 estudiar Historia del Arte y salir de casa, para luego volver y comprar una librer\u00eda, un cap\u00edtulo de su vida que [&hellip;]<\/p>","protected":false},"author":1,"featured_media":1038,"parent":0,"menu_order":0,"comment_status":"closed","ping_status":"closed","template":"","meta":{"footnotes":""},"class_list":["post-975","page","type-page","status-publish","has-post-thumbnail","hentry"],"yoast_head":"<!-- This site is optimized with the Yoast SEO plugin v26.1.1 - https:\/\/yoast.com\/wordpress\/plugins\/seo\/ -->\n<title>\u00bfQui\u00e9n es La Lectora? - La Lectora<\/title>\n<meta name=\"description\" content=\"En esta cafeter\u00eda, los libros y el arte juegan un papel central, al igual que el caf\u00e9 y muchas otras delicias que forman nuestra carta.\" \/>\n<meta name=\"robots\" content=\"index, follow, max-snippet:-1, max-image-preview:large, max-video-preview:-1\" \/>\n<link rel=\"canonical\" href=\"https:\/\/lalectora.com\/en\/somos\/\" \/>\n<meta property=\"og:locale\" content=\"en_GB\" \/>\n<meta property=\"og:type\" content=\"article\" \/>\n<meta property=\"og:title\" content=\"\u00bfQui\u00e9n es La Lectora? - La Lectora\" \/>\n<meta property=\"og:description\" content=\"En esta cafeter\u00eda, los libros y el arte juegan un papel central, al igual que el caf\u00e9 y muchas otras delicias que forman nuestra carta.\" \/>\n<meta property=\"og:url\" content=\"https:\/\/lalectora.com\/en\/somos\/\" \/>\n<meta property=\"og:site_name\" content=\"La Lectora\" \/>\n<meta property=\"article:publisher\" content=\"https:\/\/www.facebook.com\/lalectoracafeliterario\" \/>\n<meta property=\"article:modified_time\" content=\"2023-06-29T15:33:55+00:00\" \/>\n<meta property=\"og:image\" content=\"https:\/\/lalectora.com\/wp-content\/uploads\/2023\/06\/la-lectora-cadiz.webp\" \/>\n\t<meta property=\"og:image:width\" content=\"678\" \/>\n\t<meta property=\"og:image:height\" content=\"942\" \/>\n\t<meta property=\"og:image:type\" content=\"image\/webp\" \/>\n<meta name=\"twitter:card\" content=\"summary_large_image\" \/>\n<meta name=\"twitter:label1\" content=\"Estimated reading time\" \/>\n\t<meta name=\"twitter:data1\" content=\"2 minutes\" \/>\n<script type=\"application\/ld+json\" class=\"yoast-schema-graph\">{\"@context\":\"https:\/\/schema.org\",\"@graph\":[{\"@type\":\"WebPage\",\"@id\":\"https:\/\/lalectora.com\/somos\/\",\"url\":\"https:\/\/lalectora.com\/somos\/\",\"name\":\"\u00bfQui\u00e9n es La Lectora? - La Lectora\",\"isPartOf\":{\"@id\":\"https:\/\/lalectora.com\/#website\"},\"primaryImageOfPage\":{\"@id\":\"https:\/\/lalectora.com\/somos\/#primaryimage\"},\"image\":{\"@id\":\"https:\/\/lalectora.com\/somos\/#primaryimage\"},\"thumbnailUrl\":\"https:\/\/lalectora.com\/wp-content\/uploads\/2023\/06\/la-lectora-cadiz.webp\",\"datePublished\":\"2023-06-29T07:35:26+00:00\",\"dateModified\":\"2023-06-29T15:33:55+00:00\",\"description\":\"En esta cafeter\u00eda, los libros y el arte juegan un papel central, al igual que el caf\u00e9 y muchas otras delicias que forman nuestra carta.\",\"breadcrumb\":{\"@id\":\"https:\/\/lalectora.com\/somos\/#breadcrumb\"},\"inLanguage\":\"en-GB\",\"potentialAction\":[{\"@type\":\"ReadAction\",\"target\":[\"https:\/\/lalectora.com\/somos\/\"]}]},{\"@type\":\"ImageObject\",\"inLanguage\":\"en-GB\",\"@id\":\"https:\/\/lalectora.com\/somos\/#primaryimage\",\"url\":\"https:\/\/lalectora.com\/wp-content\/uploads\/2023\/06\/la-lectora-cadiz.webp\",\"contentUrl\":\"https:\/\/lalectora.com\/wp-content\/uploads\/2023\/06\/la-lectora-cadiz.webp\",\"width\":678,\"height\":942,\"caption\":\"La lectora es una cafeter\u00eda en el centro de C\u00e1diz\"},{\"@type\":\"BreadcrumbList\",\"@id\":\"https:\/\/lalectora.com\/somos\/#breadcrumb\",\"itemListElement\":[{\"@type\":\"ListItem\",\"position\":1,\"name\":\"Portada\",\"item\":\"https:\/\/lalectora.com\/\"},{\"@type\":\"ListItem\",\"position\":2,\"name\":\"Somos\"}]},{\"@type\":\"WebSite\",\"@id\":\"https:\/\/lalectora.com\/#website\",\"url\":\"https:\/\/lalectora.com\/\",\"name\":\"La Lectora\",\"description\":\"Cafeter\u00eda en C\u00e1diz\",\"publisher\":{\"@id\":\"https:\/\/lalectora.com\/#organization\"},\"potentialAction\":[{\"@type\":\"SearchAction\",\"target\":{\"@type\":\"EntryPoint\",\"urlTemplate\":\"https:\/\/lalectora.com\/?s={search_term_string}\"},\"query-input\":{\"@type\":\"PropertyValueSpecification\",\"valueRequired\":true,\"valueName\":\"search_term_string\"}}],\"inLanguage\":\"en-GB\"},{\"@type\":\"Organization\",\"@id\":\"https:\/\/lalectora.com\/#organization\",\"name\":\"La Lectora cafeter\u00eda literaria\",\"url\":\"https:\/\/lalectora.com\/\",\"logo\":{\"@type\":\"ImageObject\",\"inLanguage\":\"en-GB\",\"@id\":\"https:\/\/lalectora.com\/#\/schema\/logo\/image\/\",\"url\":\"https:\/\/lalectora.com\/wp-content\/uploads\/2023\/02\/lalectora-logo.png\",\"contentUrl\":\"https:\/\/lalectora.com\/wp-content\/uploads\/2023\/02\/lalectora-logo.png\",\"width\":462,\"height\":91,\"caption\":\"La Lectora cafeter\u00eda literaria\"},\"image\":{\"@id\":\"https:\/\/lalectora.com\/#\/schema\/logo\/image\/\"},\"sameAs\":[\"https:\/\/www.facebook.com\/lalectoracafeliterario\",\"https:\/\/www.instagram.com\/lalectoracadiz\/\"]}]}<\/script>\n<!-- \/ Yoast SEO plugin. -->","yoast_head_json":{"title":"\u00bfQui\u00e9n es La Lectora? - La Lectora","description":"En esta cafeter\u00eda, los libros y el arte juegan un papel central, al igual que el caf\u00e9 y muchas otras delicias que forman nuestra carta.","robots":{"index":"index","follow":"follow","max-snippet":"max-snippet:-1","max-image-preview":"max-image-preview:large","max-video-preview":"max-video-preview:-1"},"canonical":"https:\/\/lalectora.com\/en\/somos\/","og_locale":"en_GB","og_type":"article","og_title":"\u00bfQui\u00e9n es La Lectora? - La Lectora","og_description":"En esta cafeter\u00eda, los libros y el arte juegan un papel central, al igual que el caf\u00e9 y muchas otras delicias que forman nuestra carta.","og_url":"https:\/\/lalectora.com\/en\/somos\/","og_site_name":"La Lectora","article_publisher":"https:\/\/www.facebook.com\/lalectoracafeliterario","article_modified_time":"2023-06-29T15:33:55+00:00","og_image":[{"width":678,"height":942,"url":"https:\/\/lalectora.com\/wp-content\/uploads\/2023\/06\/la-lectora-cadiz.webp","type":"image\/webp"}],"twitter_card":"summary_large_image","twitter_misc":{"Estimated reading time":"2 minutes"},"schema":{"@context":"https:\/\/schema.org","@graph":[{"@type":"WebPage","@id":"https:\/\/lalectora.com\/somos\/","url":"https:\/\/lalectora.com\/somos\/","name":"\u00bfQui\u00e9n es La Lectora? - La Lectora","isPartOf":{"@id":"https:\/\/lalectora.com\/#website"},"primaryImageOfPage":{"@id":"https:\/\/lalectora.com\/somos\/#primaryimage"},"image":{"@id":"https:\/\/lalectora.com\/somos\/#primaryimage"},"thumbnailUrl":"https:\/\/lalectora.com\/wp-content\/uploads\/2023\/06\/la-lectora-cadiz.webp","datePublished":"2023-06-29T07:35:26+00:00","dateModified":"2023-06-29T15:33:55+00:00","description":"En esta cafeter\u00eda, los libros y el arte juegan un papel central, al igual que el caf\u00e9 y muchas otras delicias que forman nuestra carta.","breadcrumb":{"@id":"https:\/\/lalectora.com\/somos\/#breadcrumb"},"inLanguage":"en-GB","potentialAction":[{"@type":"ReadAction","target":["https:\/\/lalectora.com\/somos\/"]}]},{"@type":"ImageObject","inLanguage":"en-GB","@id":"https:\/\/lalectora.com\/somos\/#primaryimage","url":"https:\/\/lalectora.com\/wp-content\/uploads\/2023\/06\/la-lectora-cadiz.webp","contentUrl":"https:\/\/lalectora.com\/wp-content\/uploads\/2023\/06\/la-lectora-cadiz.webp","width":678,"height":942,"caption":"La lectora es una cafeter\u00eda en el centro de C\u00e1diz"},{"@type":"BreadcrumbList","@id":"https:\/\/lalectora.com\/somos\/#breadcrumb","itemListElement":[{"@type":"ListItem","position":1,"name":"Portada","item":"https:\/\/lalectora.com\/"},{"@type":"ListItem","position":2,"name":"Somos"}]},{"@type":"WebSite","@id":"https:\/\/lalectora.com\/#website","url":"https:\/\/lalectora.com\/","name":"La Lectora","description":"Cafeter\u00eda en C\u00e1diz","publisher":{"@id":"https:\/\/lalectora.com\/#organization"},"potentialAction":[{"@type":"SearchAction","target":{"@type":"EntryPoint","urlTemplate":"https:\/\/lalectora.com\/?s={search_term_string}"},"query-input":{"@type":"PropertyValueSpecification","valueRequired":true,"valueName":"search_term_string"}}],"inLanguage":"en-GB"},{"@type":"Organization","@id":"https:\/\/lalectora.com\/#organization","name":"La Lectora cafeter\u00eda literaria","url":"https:\/\/lalectora.com\/","logo":{"@type":"ImageObject","inLanguage":"en-GB","@id":"https:\/\/lalectora.com\/#\/schema\/logo\/image\/","url":"https:\/\/lalectora.com\/wp-content\/uploads\/2023\/02\/lalectora-logo.png","contentUrl":"https:\/\/lalectora.com\/wp-content\/uploads\/2023\/02\/lalectora-logo.png","width":462,"height":91,"caption":"La Lectora cafeter\u00eda literaria"},"image":{"@id":"https:\/\/lalectora.com\/#\/schema\/logo\/image\/"},"sameAs":["https:\/\/www.facebook.com\/lalectoracafeliterario","https:\/\/www.instagram.com\/lalectoracadiz\/"]}]}},"_links":{"self":[{"href":"https:\/\/lalectora.com\/en\/wp-json\/wp\/v2\/pages\/975","targetHints":{"allow":["GET"]}}],"collection":[{"href":"https:\/\/lalectora.com\/en\/wp-json\/wp\/v2\/pages"}],"about":[{"href":"https:\/\/lalectora.com\/en\/wp-json\/wp\/v2\/types\/page"}],"author":[{"embeddable":true,"href":"https:\/\/lalectora.com\/en\/wp-json\/wp\/v2\/users\/1"}],"replies":[{"embeddable":true,"href":"https:\/\/lalectora.com\/en\/wp-json\/wp\/v2\/comments?post=975"}],"version-history":[{"count":14,"href":"https:\/\/lalectora.com\/en\/wp-json\/wp\/v2\/pages\/975\/revisions"}],"predecessor-version":[{"id":1083,"href":"https:\/\/lalectora.com\/en\/wp-json\/wp\/v2\/pages\/975\/revisions\/1083"}],"wp:featuredmedia":[{"embeddable":true,"href":"https:\/\/lalectora.com\/en\/wp-json\/wp\/v2\/media\/1038"}],"wp:attachment":[{"href":"https:\/\/lalectora.com\/en\/wp-json\/wp\/v2\/media?parent=975"}],"curies":[{"name":"wp","href":"https:\/\/api.w.org\/{rel}","templated":true}]}}