{"id":903,"date":"2023-06-28T17:13:38","date_gmt":"2023-06-28T16:13:38","guid":{"rendered":"https:\/\/lalectora.com\/?page_id=903"},"modified":"2023-06-29T15:41:02","modified_gmt":"2023-06-29T14:41:02","slug":"accesibilidad","status":"publish","type":"page","link":"https:\/\/lalectora.com\/en\/accesibilidad\/","title":{"rendered":"Accessibility"},"content":{"rendered":"<div data-elementor-type=\"wp-page\" data-elementor-id=\"903\" class=\"elementor elementor-903\" data-elementor-post-type=\"page\">\n\t\t\t\t<div class=\"elementor-element elementor-element-568d704 e-flex e-con-boxed e-con e-parent\" data-id=\"568d704\" data-element_type=\"container\" data-settings=\"{&quot;background_background&quot;:&quot;classic&quot;}\">\n\t\t\t\t\t<div class=\"e-con-inner\">\n\t\t\t\t<div class=\"elementor-element elementor-element-1d35bf1 elementor-widget elementor-widget-heading\" data-id=\"1d35bf1\" data-element_type=\"widget\" data-widget_type=\"heading.default\">\n\t\t\t\t<div class=\"elementor-widget-container\">\n\t\t\t\t\t<h1 class=\"elementor-heading-title elementor-size-default\">Accessibility<\/h1>\t\t\t\t<\/div>\n\t\t\t\t<\/div>\n\t\t\t\t<div class=\"elementor-element elementor-element-d2ef013 elementor-widget elementor-widget-text-editor\" data-id=\"d2ef013\" data-element_type=\"widget\" data-widget_type=\"text-editor.default\">\n\t\t\t\t<div class=\"elementor-widget-container\">\n\t\t\t\t\t\t\t\t\t<p>La Lectora se ha comprometido a hacer accesible su sitio web, de conformidad con el Real Decreto 1112\/2018, de 7 de septiembre, sobre accesibilidad de los sitios web y aplicaciones para dispositivos m\u00f3viles.<\/p><p>La presente declaraci\u00f3n de accesibilidad se aplica al sitio web https:\/\/lalectora.com\/<\/p>\t\t\t\t\t\t\t\t<\/div>\n\t\t\t\t<\/div>\n\t\t\t\t<div class=\"elementor-element elementor-element-ca64a00 elementor-widget elementor-widget-text-editor\" data-id=\"ca64a00\" data-element_type=\"widget\" data-widget_type=\"text-editor.default\">\n\t\t\t\t<div class=\"elementor-widget-container\">\n\t\t\t\t\t\t\t\t\t<p><strong>Situaci\u00f3n de cumplimiento (elegir opci\u00f3n)<\/strong><\/p>\t\t\t\t\t\t\t\t<\/div>\n\t\t\t\t<\/div>\n\t\t\t\t<div class=\"elementor-element elementor-element-4c1578a elementor-widget elementor-widget-text-editor\" data-id=\"4c1578a\" data-element_type=\"widget\" data-widget_type=\"text-editor.default\">\n\t\t\t\t<div class=\"elementor-widget-container\">\n\t\t\t\t\t\t\t\t\t<p>a) Este sitio web es plenamente conforme con RD 1112\/2018.<\/p><p>b) Este sitio web es parcialmente conforme con RD 1112\/2018 debido [a las excepciones] [y\/o] [a la falta de conformidad del aspecto\/de los aspectos] que se [indica\/indican] a continuaci\u00f3n.<\/p><p>c) Este sitio web a\u00fan no es conforme con RD 1112\/2018. A continuaci\u00f3n, se [indica\/indican] [las excepciones] [y\/o] [el aspecto no conforme\/los aspectos no conformes].<\/p>\t\t\t\t\t\t\t\t<\/div>\n\t\t\t\t<\/div>\n\t\t\t\t<div class=\"elementor-element elementor-element-f5ddbae elementor-widget elementor-widget-text-editor\" data-id=\"f5ddbae\" data-element_type=\"widget\" data-widget_type=\"text-editor.default\">\n\t\t\t\t<div class=\"elementor-widget-container\">\n\t\t\t\t\t\t\t\t\t<p><strong>Contenido no accesible<\/strong><\/p>\t\t\t\t\t\t\t\t<\/div>\n\t\t\t\t<\/div>\n\t\t\t\t<div class=\"elementor-element elementor-element-f312389 elementor-widget elementor-widget-text-editor\" data-id=\"f312389\" data-element_type=\"widget\" data-widget_type=\"text-editor.default\">\n\t\t\t\t<div class=\"elementor-widget-container\">\n\t\t\t\t\t\t\t\t\t<p>El contenido que se recoge a continuaci\u00f3n no es accesible por lo siguiente:<\/p><p>*El presente apartado puede suprimirse si no procede.<\/p><p>En este apartado hay que indicar el contenido que no es accesible, indicando el motivo por lo que no lo es:<\/p>\t\t\t\t\t\t\t\t<\/div>\n\t\t\t\t<\/div>\n\t\t\t\t<div class=\"elementor-element elementor-element-905e4b2 elementor-widget elementor-widget-text-editor\" data-id=\"905e4b2\" data-element_type=\"widget\" data-widget_type=\"text-editor.default\">\n\t\t\t\t<div class=\"elementor-widget-container\">\n\t\t\t\t\t\t\t\t\t<p><strong>Falta de conformidad con el RD 1112\/2018<br \/><\/strong><br \/>Indicar todo aspecto no conforme de los sitios web y las aplicaciones m\u00f3viles correspondientes y\/o describir todo contenido, secci\u00f3n o funcionalidad que a\u00fan no es conforme.<\/p><p>As\u00ed mismo, se podr\u00eda indicar si se est\u00e1 trabajando en su resoluci\u00f3n. Deben describirse, evitando en la medida de lo posible el uso de tecnicismos, los aspectos que hacen que el contenido no sea accesible e indicarse las referencias a los requisitos aplicables de las normas o especificaciones t\u00e9cnicas pertinentes que no se cumplen. Por ejemplo: \u00abEn el portal existen contenidos en ingl\u00e9s cuyo idioma no se est\u00e1 etiquetado correctamente [requisito n\u00famero 9.3.1.2 de UNE-EN 301549:2019]\u00bb<\/p>\t\t\t\t\t\t\t\t<\/div>\n\t\t\t\t<\/div>\n\t\t\t\t<div class=\"elementor-element elementor-element-9bd5a9f elementor-widget elementor-widget-text-editor\" data-id=\"9bd5a9f\" data-element_type=\"widget\" data-widget_type=\"text-editor.default\">\n\t\t\t\t<div class=\"elementor-widget-container\">\n\t\t\t\t\t\t\t\t\t<p><strong>Carga desproporcionada<br \/><\/strong><br \/>Se\u00f1alar todo contenido, secci\u00f3n o funcionalidad respecto del que se invoca la aplicaci\u00f3n de la excepci\u00f3n por carga desproporcionada.<\/p><p>Recomendaciones para realizar el modelo europeo de declaraci\u00f3n de accesibilidad 9 De acuerdo con el art\u00edculo 7 del RD 1112\/2018, la entidad obligada concreta que desee acogerse a la excepci\u00f3n de carga desproporcionada, debe llevar a cabo una evaluaci\u00f3n inicial de la medida en que el cumplimiento de los requisitos de accesibilidad imponen una carga desproporcionada y hacerlo constar por escrito mediante el correspondiente informe.<\/p><p>Posteriormente, en la declaraci\u00f3n de accesibilidad debe indicar las partes de los requisitos de accesibilidad que no puede cumplir, y en su caso, ofrecer alternativas accesibles. Aunque no es obligatorio, se recomienda incluir en el apartado de \u201c2.7. Contenido opcional\u201d, un enlace al informe que recoge el resultado de la evaluaci\u00f3n de carga desproporcionada, seg\u00fan se indica en este documento m\u00e1s adelante.<\/p>\t\t\t\t\t\t\t\t<\/div>\n\t\t\t\t<\/div>\n\t\t\t\t<div class=\"elementor-element elementor-element-0e69fc0 elementor-widget elementor-widget-text-editor\" data-id=\"0e69fc0\" data-element_type=\"widget\" data-widget_type=\"text-editor.default\">\n\t\t\t\t<div class=\"elementor-widget-container\">\n\t\t\t\t\t\t\t\t\t<p><strong>El contenido no entra dentro del \u00e1mbito de la legislaci\u00f3n aplicable<br \/><\/strong><\/p><p>Se\u00f1alar todo contenido, secci\u00f3n o funcionalidad no accesible que est\u00e9 fuera del \u00e1mbito de la legislaci\u00f3n aplicable. El art\u00edculo 3 del RD 1112\/2018 recoge los contenidos excluidos de su \u00e1mbito de aplicaci\u00f3n; se recomienda utilizar terminolog\u00eda equivalente a la recogida en dicho art\u00edculo.<\/p>\t\t\t\t\t\t\t\t<\/div>\n\t\t\t\t<\/div>\n\t\t\t\t<div class=\"elementor-element elementor-element-5550598 elementor-widget elementor-widget-text-editor\" data-id=\"5550598\" data-element_type=\"widget\" data-widget_type=\"text-editor.default\">\n\t\t\t\t<div class=\"elementor-widget-container\">\n\t\t\t\t\t\t\t\t\t<p><strong>Preparaci\u00f3n para la siguiente declaraci\u00f3n de accesibilidad<br \/><\/strong><\/p><p>La presente declaraci\u00f3n fue preparada el 23 de junio de 2023.<\/p><p>El m\u00e9todo empleado para preparar la declaraci\u00f3n ha sido una autoevaluaci\u00f3n llevada a cabo por el propio organismo.<\/p><p><strong>Observaciones y datos de contacto.<\/strong><\/p><p>Puede realizar comunicaciones sobre requisitos de accesibilidad (art\u00edculo 10.2.a del RD 1112\/2018) como, por ejemplo:<\/p><ul><li>Informar sobre cualquier posible incumplimiento por parte de este sitio web.<\/li><li>Transmitir otras dificultades de acceso al contenido.<\/li><li>Formular cualquier otra consulta o sugerencia de mejora relativa a la accesibilidad del sitio web a trav\u00e9s del correo electr\u00f3nico hola@lalectora.com o a trav\u00e9s del n\u00famero de tel\u00e9fono +34 <span aria-label=\"Llamar al n\u00famero de tel\u00e9fono 956 79 96 04\">956 79 96 04<\/span><\/li><\/ul><p>Puede presentar:<\/p><ul><li>Queja relativa al cumplimiento de los requisitos del RD 1112\/2018 o<\/li><li>Solicitud de Informaci\u00f3n accesible relativa a:<br \/>Contenidos que est\u00e1n excluidos del \u00e1mbito de aplicaci\u00f3n del RD 1112\/2018 seg\u00fan lo establecido por el art\u00edculo 3, apartado 4.<br \/>Contenidos que est\u00e1n exentos del cumplimiento de los requisitos de accesibilidad por imponer una carga desproporcionada.<\/li><\/ul><p>En la Solicitud de informaci\u00f3n accesible, se debe concretar, con toda claridad, los hechos, razones y petici\u00f3n que permitan constatar que se trata de una solicitud razonable y leg\u00edtima.<\/p><p>Las quejas y reclamaciones sobre informaci\u00f3n accesible se realizar\u00e1n a trav\u00e9s del correo electr\u00f3nico hola@lalectora.com que ser\u00e1n recibidas y tratadas por Loli Corral.<\/p><p><strong>Contenido opcional<\/strong><br \/>En relaci\u00f3n con el informe de evaluaci\u00f3n indicado en el punto 5 del apartado anterior, cada entidad decidir\u00e1:<\/p><p>Si quiere publicar un informe o no.<\/p><p>Recomendaciones para realizar el modelo europeo de declaraci\u00f3n de accesibilidad 17 dado que es opcional, y en ese caso qu\u00e9 informe de evaluaci\u00f3n enlazar. De acuerdo con la Decisi\u00f3n de Ejecuci\u00f3n (UE) 2018\/1523 no hay restricciones con respecto al formato o contenido de dicho informe, por lo tanto podr\u00eda ser un extracto o formato reducido de otro informe m\u00e1s exhaustivo que exista a nivel interno como el Informe de Revisi\u00f3n de la Accesibilidad.<\/p><p>Los informes del Observatorio de Accesibilidad Web podr\u00edan considerarse un extracto o formato reducido siempre y cuando hayan sido complementados internamente por an\u00e1lisis manuales y se hayan revisado internamente el resto de requisitos.<\/p><ul><li>En relaci\u00f3n con el punto 7) cualquier otra informaci\u00f3n del apartado anterior, podr\u00eda incluirse<br \/>Informaci\u00f3n espec\u00edfica de ayuda para personas discapacitadas como los posibles atajos de teclado, herramientas adicionales de ayuda como lectores de texto o herramientas que hacen adaptaciones concretas para determinadas discapacidades, recomendaciones de uso en navegadores concretos, si la interfaz es o no responsiva.<\/li><li>Cualquier otra informaci\u00f3n adicional como por ejemplo si se ha hecho una auditor\u00eda externa, si se cuenta con alg\u00fan tipo de certificaci\u00f3n, qui\u00e9n lo ha realizado y periodo de validez, a\u00f1adir logotipos de conformidad con WCAG, CSS, HTML etc., en caso de conformidad con dichos est\u00e1ndares o recomendaciones.<\/li><\/ul><p>Si la entidad se ha acogido a la excepci\u00f3n de carga desproporcionada, se recomienda enlazar con el informe que recoge el resultado de evaluaci\u00f3n de carga desproporcionada.<\/p>\t\t\t\t\t\t\t\t<\/div>\n\t\t\t\t<\/div>\n\t\t\t\t\t<\/div>\n\t\t\t\t<\/div>\n\t\t\t\t<\/div>","protected":false},"excerpt":{"rendered":"<p>Accesibilidad La Lectora se ha comprometido a hacer accesible su sitio web, de conformidad con el Real Decreto 1112\/2018, de 7 de septiembre, sobre accesibilidad de los sitios web y aplicaciones para dispositivos m\u00f3viles. La presente declaraci\u00f3n de accesibilidad se aplica al sitio web https:\/\/lalectora.com\/ Situaci\u00f3n de cumplimiento (elegir opci\u00f3n) a) Este sitio web es [&hellip;]<\/p>","protected":false},"author":2,"featured_media":0,"parent":0,"menu_order":0,"comment_status":"closed","ping_status":"closed","template":"","meta":{"footnotes":""},"class_list":["post-903","page","type-page","status-publish","hentry"],"yoast_head":"<!-- This site is optimized with the Yoast SEO plugin v26.1.1 - https:\/\/yoast.com\/wordpress\/plugins\/seo\/ -->\n<title>Accesibilidad - La Lectora<\/title>\n<meta name=\"robots\" content=\"noindex, nofollow\" \/>\n<meta property=\"og:locale\" content=\"en_GB\" \/>\n<meta property=\"og:type\" content=\"article\" \/>\n<meta property=\"og:title\" content=\"Accesibilidad - La Lectora\" \/>\n<meta property=\"og:description\" content=\"Accesibilidad La Lectora se ha comprometido a hacer accesible su sitio web, de conformidad con el Real Decreto 1112\/2018, de 7 de septiembre, sobre accesibilidad de los sitios web y aplicaciones para dispositivos m\u00f3viles. La presente declaraci\u00f3n de accesibilidad se aplica al sitio web https:\/\/lalectora.com\/ Situaci\u00f3n de cumplimiento (elegir opci\u00f3n) a) Este sitio web es [&hellip;]\" \/>\n<meta property=\"og:url\" content=\"https:\/\/lalectora.com\/en\/accesibilidad\/\" \/>\n<meta property=\"og:site_name\" content=\"La Lectora\" \/>\n<meta property=\"article:publisher\" content=\"https:\/\/www.facebook.com\/lalectoracafeliterario\" \/>\n<meta property=\"article:modified_time\" content=\"2023-06-29T14:41:02+00:00\" \/>\n<meta name=\"twitter:card\" content=\"summary_large_image\" \/>\n<script type=\"application\/ld+json\" class=\"yoast-schema-graph\">{\"@context\":\"https:\/\/schema.org\",\"@graph\":[{\"@type\":\"WebPage\",\"@id\":\"https:\/\/lalectora.com\/accesibilidad\/\",\"url\":\"https:\/\/lalectora.com\/accesibilidad\/\",\"name\":\"Accesibilidad - La Lectora\",\"isPartOf\":{\"@id\":\"https:\/\/lalectora.com\/#website\"},\"datePublished\":\"2023-06-28T16:13:38+00:00\",\"dateModified\":\"2023-06-29T14:41:02+00:00\",\"breadcrumb\":{\"@id\":\"https:\/\/lalectora.com\/accesibilidad\/#breadcrumb\"},\"inLanguage\":\"en-GB\",\"potentialAction\":[{\"@type\":\"ReadAction\",\"target\":[\"https:\/\/lalectora.com\/accesibilidad\/\"]}]},{\"@type\":\"BreadcrumbList\",\"@id\":\"https:\/\/lalectora.com\/accesibilidad\/#breadcrumb\",\"itemListElement\":[{\"@type\":\"ListItem\",\"position\":1,\"name\":\"Portada\",\"item\":\"https:\/\/lalectora.com\/\"},{\"@type\":\"ListItem\",\"position\":2,\"name\":\"Accesibilidad\"}]},{\"@type\":\"WebSite\",\"@id\":\"https:\/\/lalectora.com\/#website\",\"url\":\"https:\/\/lalectora.com\/\",\"name\":\"La Lectora\",\"description\":\"Cafeter\u00eda en C\u00e1diz\",\"publisher\":{\"@id\":\"https:\/\/lalectora.com\/#organization\"},\"potentialAction\":[{\"@type\":\"SearchAction\",\"target\":{\"@type\":\"EntryPoint\",\"urlTemplate\":\"https:\/\/lalectora.com\/?s={search_term_string}\"},\"query-input\":{\"@type\":\"PropertyValueSpecification\",\"valueRequired\":true,\"valueName\":\"search_term_string\"}}],\"inLanguage\":\"en-GB\"},{\"@type\":\"Organization\",\"@id\":\"https:\/\/lalectora.com\/#organization\",\"name\":\"La Lectora cafeter\u00eda literaria\",\"url\":\"https:\/\/lalectora.com\/\",\"logo\":{\"@type\":\"ImageObject\",\"inLanguage\":\"en-GB\",\"@id\":\"https:\/\/lalectora.com\/#\/schema\/logo\/image\/\",\"url\":\"https:\/\/lalectora.com\/wp-content\/uploads\/2023\/02\/lalectora-logo.png\",\"contentUrl\":\"https:\/\/lalectora.com\/wp-content\/uploads\/2023\/02\/lalectora-logo.png\",\"width\":462,\"height\":91,\"caption\":\"La Lectora cafeter\u00eda literaria\"},\"image\":{\"@id\":\"https:\/\/lalectora.com\/#\/schema\/logo\/image\/\"},\"sameAs\":[\"https:\/\/www.facebook.com\/lalectoracafeliterario\",\"https:\/\/www.instagram.com\/lalectoracadiz\/\"]}]}<\/script>\n<!-- \/ Yoast SEO plugin. -->","yoast_head_json":{"title":"Accesibilidad - La Lectora","robots":{"index":"noindex","follow":"nofollow"},"og_locale":"en_GB","og_type":"article","og_title":"Accesibilidad - La Lectora","og_description":"Accesibilidad La Lectora se ha comprometido a hacer accesible su sitio web, de conformidad con el Real Decreto 1112\/2018, de 7 de septiembre, sobre accesibilidad de los sitios web y aplicaciones para dispositivos m\u00f3viles. La presente declaraci\u00f3n de accesibilidad se aplica al sitio web https:\/\/lalectora.com\/ Situaci\u00f3n de cumplimiento (elegir opci\u00f3n) a) Este sitio web es [&hellip;]","og_url":"https:\/\/lalectora.com\/en\/accesibilidad\/","og_site_name":"La Lectora","article_publisher":"https:\/\/www.facebook.com\/lalectoracafeliterario","article_modified_time":"2023-06-29T14:41:02+00:00","twitter_card":"summary_large_image","schema":{"@context":"https:\/\/schema.org","@graph":[{"@type":"WebPage","@id":"https:\/\/lalectora.com\/accesibilidad\/","url":"https:\/\/lalectora.com\/accesibilidad\/","name":"Accesibilidad - La Lectora","isPartOf":{"@id":"https:\/\/lalectora.com\/#website"},"datePublished":"2023-06-28T16:13:38+00:00","dateModified":"2023-06-29T14:41:02+00:00","breadcrumb":{"@id":"https:\/\/lalectora.com\/accesibilidad\/#breadcrumb"},"inLanguage":"en-GB","potentialAction":[{"@type":"ReadAction","target":["https:\/\/lalectora.com\/accesibilidad\/"]}]},{"@type":"BreadcrumbList","@id":"https:\/\/lalectora.com\/accesibilidad\/#breadcrumb","itemListElement":[{"@type":"ListItem","position":1,"name":"Portada","item":"https:\/\/lalectora.com\/"},{"@type":"ListItem","position":2,"name":"Accesibilidad"}]},{"@type":"WebSite","@id":"https:\/\/lalectora.com\/#website","url":"https:\/\/lalectora.com\/","name":"La Lectora","description":"Cafeter\u00eda en C\u00e1diz","publisher":{"@id":"https:\/\/lalectora.com\/#organization"},"potentialAction":[{"@type":"SearchAction","target":{"@type":"EntryPoint","urlTemplate":"https:\/\/lalectora.com\/?s={search_term_string}"},"query-input":{"@type":"PropertyValueSpecification","valueRequired":true,"valueName":"search_term_string"}}],"inLanguage":"en-GB"},{"@type":"Organization","@id":"https:\/\/lalectora.com\/#organization","name":"La Lectora cafeter\u00eda literaria","url":"https:\/\/lalectora.com\/","logo":{"@type":"ImageObject","inLanguage":"en-GB","@id":"https:\/\/lalectora.com\/#\/schema\/logo\/image\/","url":"https:\/\/lalectora.com\/wp-content\/uploads\/2023\/02\/lalectora-logo.png","contentUrl":"https:\/\/lalectora.com\/wp-content\/uploads\/2023\/02\/lalectora-logo.png","width":462,"height":91,"caption":"La Lectora cafeter\u00eda literaria"},"image":{"@id":"https:\/\/lalectora.com\/#\/schema\/logo\/image\/"},"sameAs":["https:\/\/www.facebook.com\/lalectoracafeliterario","https:\/\/www.instagram.com\/lalectoracadiz\/"]}]}},"_links":{"self":[{"href":"https:\/\/lalectora.com\/en\/wp-json\/wp\/v2\/pages\/903","targetHints":{"allow":["GET"]}}],"collection":[{"href":"https:\/\/lalectora.com\/en\/wp-json\/wp\/v2\/pages"}],"about":[{"href":"https:\/\/lalectora.com\/en\/wp-json\/wp\/v2\/types\/page"}],"author":[{"embeddable":true,"href":"https:\/\/lalectora.com\/en\/wp-json\/wp\/v2\/users\/2"}],"replies":[{"embeddable":true,"href":"https:\/\/lalectora.com\/en\/wp-json\/wp\/v2\/comments?post=903"}],"version-history":[{"count":8,"href":"https:\/\/lalectora.com\/en\/wp-json\/wp\/v2\/pages\/903\/revisions"}],"predecessor-version":[{"id":934,"href":"https:\/\/lalectora.com\/en\/wp-json\/wp\/v2\/pages\/903\/revisions\/934"}],"wp:attachment":[{"href":"https:\/\/lalectora.com\/en\/wp-json\/wp\/v2\/media?parent=903"}],"curies":[{"name":"wp","href":"https:\/\/api.w.org\/{rel}","templated":true}]}}