{"id":816,"date":"2023-06-28T10:17:52","date_gmt":"2023-06-28T09:17:52","guid":{"rendered":"https:\/\/lalectora.com\/?page_id=816"},"modified":"2023-12-28T11:42:13","modified_gmt":"2023-12-28T10:42:13","slug":"cafeteria-literaria","status":"publish","type":"page","link":"https:\/\/lalectora.com\/en\/","title":{"rendered":"Cafeter\u00eda"},"content":{"rendered":"<div data-elementor-type=\"wp-page\" data-elementor-id=\"816\" class=\"elementor elementor-816\" data-elementor-post-type=\"page\">\n\t\t\t\t<div class=\"elementor-element elementor-element-ba6b2c0 e-flex e-con-boxed e-con e-parent\" data-id=\"ba6b2c0\" data-element_type=\"container\" data-settings=\"{&quot;background_background&quot;:&quot;classic&quot;}\">\n\t\t\t\t\t<div class=\"e-con-inner\">\n\t\t\t\t<div class=\"elementor-element elementor-element-1086458 elementor-widget elementor-widget-heading\" data-id=\"1086458\" data-element_type=\"widget\" data-widget_type=\"heading.default\">\n\t\t\t\t<div class=\"elementor-widget-container\">\n\t\t\t\t\t<h1 class=\"elementor-heading-title elementor-size-default\">La Lectora<\/h1>\t\t\t\t<\/div>\n\t\t\t\t<\/div>\n\t\t\t\t<div class=\"elementor-element elementor-element-ffca205 elementor-widget elementor-widget-heading\" data-id=\"ffca205\" data-element_type=\"widget\" data-widget_type=\"heading.default\">\n\t\t\t\t<div class=\"elementor-widget-container\">\n\t\t\t\t\t<h2 class=\"elementor-heading-title elementor-size-default\">literary cafe<\/h2>\t\t\t\t<\/div>\n\t\t\t\t<\/div>\n\t\t\t\t<div class=\"elementor-element elementor-element-9a3b225 elementor-widget__width-initial elementor-widget elementor-widget-text-editor\" data-id=\"9a3b225\" data-element_type=\"widget\" data-widget_type=\"text-editor.default\">\n\t\t\t\t<div class=\"elementor-widget-container\">\n\t\t\t\t\t\t\t\t\t<p>Enjoy whatever you feel like having at our caf\u00e9.\u00a0 <strong>Visit our menu and let yourself be carried away!<\/strong><\/p>\t\t\t\t\t\t\t\t<\/div>\n\t\t\t\t<\/div>\n\t\t\t\t<div class=\"elementor-element elementor-element-7744251 elementor-align-right elementor-widget-tablet__width-initial elementor-invisible elementor-widget elementor-widget-button\" data-id=\"7744251\" data-element_type=\"widget\" data-settings=\"{&quot;_animation&quot;:&quot;fadeInUp&quot;}\" data-widget_type=\"button.default\">\n\t\t\t\t<div class=\"elementor-widget-container\">\n\t\t\t\t\t\t\t\t\t<div class=\"elementor-button-wrapper\">\n\t\t\t\t\t<a class=\"elementor-button elementor-button-link elementor-size-md\" href=\"https:\/\/lalectora.com\/en\/cartas\/\">\n\t\t\t\t\t\t<span class=\"elementor-button-content-wrapper\">\n\t\t\t\t\t\t\t\t\t<span class=\"elementor-button-text\">Our menu<\/span>\n\t\t\t\t\t<\/span>\n\t\t\t\t\t<\/a>\n\t\t\t\t<\/div>\n\t\t\t\t\t\t\t\t<\/div>\n\t\t\t\t<\/div>\n\t\t\t\t\t<\/div>\n\t\t\t\t<\/div>\n\t\t<div class=\"elementor-element elementor-element-fd53905 e-flex e-con-boxed e-con e-parent\" data-id=\"fd53905\" data-element_type=\"container\" data-settings=\"{&quot;background_background&quot;:&quot;classic&quot;}\">\n\t\t\t\t\t<div class=\"e-con-inner\">\n\t\t<div class=\"elementor-element elementor-element-49274b6 e-con-full e-flex e-con e-child\" data-id=\"49274b6\" data-element_type=\"container\">\n\t\t\t\t<div class=\"elementor-element elementor-element-5b0d75d elementor-widget__width-initial elementor-widget elementor-widget-heading\" data-id=\"5b0d75d\" data-element_type=\"widget\" data-widget_type=\"heading.default\">\n\t\t\t\t<div class=\"elementor-widget-container\">\n\t\t\t\t\t<h2 class=\"elementor-heading-title elementor-size-default\">Come visit us!<\/h2>\t\t\t\t<\/div>\n\t\t\t\t<\/div>\n\t\t\t\t<div class=\"elementor-element elementor-element-7217f6c elementor-widget__width-initial elementor-widget elementor-widget-text-editor\" data-id=\"7217f6c\" data-element_type=\"widget\" data-widget_type=\"text-editor.default\">\n\t\t\t\t<div class=\"elementor-widget-container\">\n\t\t\t\t\t\t\t\t\t<p>Click here to discover how to get here and immerse yourself in the delight of our natural beverages and inspiring readings.<\/p>\t\t\t\t\t\t\t\t<\/div>\n\t\t\t\t<\/div>\n\t\t\t\t<div class=\"elementor-element elementor-element-4caa2da elementor-align-right elementor-widget-tablet__width-initial elementor-widget__width-initial elementor-widget elementor-widget-button\" data-id=\"4caa2da\" data-element_type=\"widget\" data-widget_type=\"button.default\">\n\t\t\t\t<div class=\"elementor-widget-container\">\n\t\t\t\t\t\t\t\t\t<div class=\"elementor-button-wrapper\">\n\t\t\t\t\t<a class=\"elementor-button elementor-button-link elementor-size-md\" href=\"https:\/\/goo.gl\/maps\/iNCUGSREuaAbgvae9\" target=\"_blank\">\n\t\t\t\t\t\t<span class=\"elementor-button-content-wrapper\">\n\t\t\t\t\t\t\t\t\t<span class=\"elementor-button-text\">We are here!<\/span>\n\t\t\t\t\t<\/span>\n\t\t\t\t\t<\/a>\n\t\t\t\t<\/div>\n\t\t\t\t\t\t\t\t<\/div>\n\t\t\t\t<\/div>\n\t\t\t\t<\/div>\n\t\t<div class=\"elementor-element elementor-element-1529d18 e-con-full e-flex e-con e-child\" data-id=\"1529d18\" data-element_type=\"container\">\n\t\t\t\t<div class=\"elementor-element elementor-element-eca8a1c elementor-widget__width-initial elementor-widget-mobile__width-inherit elementor-invisible elementor-widget elementor-widget-image\" data-id=\"eca8a1c\" data-element_type=\"widget\" data-settings=\"{&quot;_animation&quot;:&quot;fadeInLeft&quot;}\" data-widget_type=\"image.default\">\n\t\t\t\t<div class=\"elementor-widget-container\">\n\t\t\t\t\t\t\t\t\t\t\t\t\t\t\t<img fetchpriority=\"high\" decoding=\"async\" width=\"534\" height=\"646\" src=\"https:\/\/lalectora.com\/wp-content\/uploads\/2023\/06\/zumo-frutas.webp\" class=\"attachment-large size-large wp-image-872\" alt=\"Bebidas fr\u00edas como zumos de frutas naturales para los d\u00edas c\u00e1lidos\" srcset=\"https:\/\/lalectora.com\/wp-content\/uploads\/2023\/06\/zumo-frutas.webp 534w, https:\/\/lalectora.com\/wp-content\/uploads\/2023\/06\/zumo-frutas-248x300.webp 248w\" sizes=\"(max-width: 534px) 100vw, 534px\" \/>\t\t\t\t\t\t\t\t\t\t\t\t\t\t\t<\/div>\n\t\t\t\t<\/div>\n\t\t\t\t<div class=\"elementor-element elementor-element-73f4b7f elementor-widget__width-initial elementor-widget-mobile__width-inherit elementor-invisible elementor-widget elementor-widget-image\" data-id=\"73f4b7f\" data-element_type=\"widget\" data-settings=\"{&quot;_animation&quot;:&quot;fadeInRight&quot;}\" data-widget_type=\"image.default\">\n\t\t\t\t<div class=\"elementor-widget-container\">\n\t\t\t\t\t\t\t\t\t\t\t\t\t\t\t<img decoding=\"async\" width=\"800\" height=\"576\" src=\"https:\/\/lalectora.com\/wp-content\/uploads\/2023\/06\/desayunos-en-cadiz-capital.webp\" class=\"attachment-large size-large wp-image-899\" alt=\"Desayunos para disfrutar en C\u00e1diz capital\" srcset=\"https:\/\/lalectora.com\/wp-content\/uploads\/2023\/06\/desayunos-en-cadiz-capital.webp 942w, https:\/\/lalectora.com\/wp-content\/uploads\/2023\/06\/desayunos-en-cadiz-capital-300x216.webp 300w, https:\/\/lalectora.com\/wp-content\/uploads\/2023\/06\/desayunos-en-cadiz-capital-768x553.webp 768w\" sizes=\"(max-width: 800px) 100vw, 800px\" \/>\t\t\t\t\t\t\t\t\t\t\t\t\t\t\t<\/div>\n\t\t\t\t<\/div>\n\t\t\t\t<\/div>\n\t\t\t\t\t<\/div>\n\t\t\t\t<\/div>\n\t\t<div class=\"elementor-element elementor-element-31ea5c4 e-flex e-con-boxed e-con e-parent\" data-id=\"31ea5c4\" data-element_type=\"container\" data-settings=\"{&quot;background_background&quot;:&quot;classic&quot;}\">\n\t\t\t\t\t<div class=\"e-con-inner\">\n\t\t<div class=\"elementor-element elementor-element-e6a9e7d e-con-full e-flex e-con e-child\" data-id=\"e6a9e7d\" data-element_type=\"container\">\n\t\t\t\t<div class=\"elementor-element elementor-element-243b83e elementor-widget elementor-widget-heading\" data-id=\"243b83e\" data-element_type=\"widget\" data-widget_type=\"heading.default\">\n\t\t\t\t<div class=\"elementor-widget-container\">\n\t\t\t\t\t<h2 class=\"elementor-heading-title elementor-size-default\">A unique caf\u00e9 transformed into a cultural space.<\/h2>\t\t\t\t<\/div>\n\t\t\t\t<\/div>\n\t\t\t\t<div class=\"elementor-element elementor-element-510e432 elementor-widget__width-initial elementor-widget elementor-widget-text-editor\" data-id=\"510e432\" data-element_type=\"widget\" data-widget_type=\"text-editor.default\">\n\t\t\t\t<div class=\"elementor-widget-container\">\n\t\t\t\t\t\t\t\t\t<p>La Lectora is not just a place to enjoy a coffee. It is a tribute to literature, where customers can immerse themselves in the world of books, choosing any title from the library to read while they enjoy their stay. And if a book captivates them, they have the option to purchase it and take it home.<\/p>\t\t\t\t\t\t\t\t<\/div>\n\t\t\t\t<\/div>\n\t\t\t\t<\/div>\n\t\t<div class=\"elementor-element elementor-element-513eb44 e-con-full e-flex e-con e-child\" data-id=\"513eb44\" data-element_type=\"container\">\n\t\t\t\t<div class=\"elementor-element elementor-element-b996717 elementor-widget-mobile__width-inherit animated-fast elementor-invisible elementor-widget elementor-widget-image\" data-id=\"b996717\" data-element_type=\"widget\" data-settings=\"{&quot;_animation&quot;:&quot;fadeIn&quot;}\" data-widget_type=\"image.default\">\n\t\t\t\t<div class=\"elementor-widget-container\">\n\t\t\t\t\t\t\t\t\t\t\t\t\t\t\t<img decoding=\"async\" width=\"800\" height=\"576\" src=\"https:\/\/lalectora.com\/wp-content\/uploads\/2023\/06\/Lalectora-cafeliterario.jpg\" class=\"attachment-large size-large wp-image-986\" alt=\"La due\u00f1a del caf\u00e9 literario en C\u00e1diz\" srcset=\"https:\/\/lalectora.com\/wp-content\/uploads\/2023\/06\/Lalectora-cafeliterario.jpg 942w, https:\/\/lalectora.com\/wp-content\/uploads\/2023\/06\/Lalectora-cafeliterario-300x216.jpg 300w, https:\/\/lalectora.com\/wp-content\/uploads\/2023\/06\/Lalectora-cafeliterario-768x553.jpg 768w\" sizes=\"(max-width: 800px) 100vw, 800px\" \/>\t\t\t\t\t\t\t\t\t\t\t\t\t\t\t<\/div>\n\t\t\t\t<\/div>\n\t\t<div class=\"elementor-element elementor-element-b65a98f e-con-full e-flex e-con e-child\" data-id=\"b65a98f\" data-element_type=\"container\">\n\t\t\t\t<div class=\"elementor-element elementor-element-bc2d3d3 elementor-widget__width-inherit elementor-widget elementor-widget-text-editor\" data-id=\"bc2d3d3\" data-element_type=\"widget\" data-widget_type=\"text-editor.default\">\n\t\t\t\t<div class=\"elementor-widget-container\">\n\t\t\t\t\t\t\t\t\t<p>Where we are located:<br \/><a href=\"https:\/\/goo.gl\/maps\/iNCUGSREuaAbgvae9\"><strong>C. Ancha, 32, 11001 C\u00e1diz<\/strong><\/a><\/p>\t\t\t\t\t\t\t\t<\/div>\n\t\t\t\t<\/div>\n\t\t\t\t<div class=\"elementor-element elementor-element-1215243 elementor-align-right elementor-tablet-align-left elementor-widget-tablet__width-auto elementor-widget-mobile__width-auto elementor-invisible elementor-widget elementor-widget-button\" data-id=\"1215243\" data-element_type=\"widget\" data-settings=\"{&quot;_animation&quot;:&quot;fadeInUp&quot;}\" data-widget_type=\"button.default\">\n\t\t\t\t<div class=\"elementor-widget-container\">\n\t\t\t\t\t\t\t\t\t<div class=\"elementor-button-wrapper\">\n\t\t\t\t\t<a class=\"elementor-button elementor-button-link elementor-size-md\" href=\"https:\/\/lalectora.com\/en\/somos\/\" target=\"_blank\">\n\t\t\t\t\t\t<span class=\"elementor-button-content-wrapper\">\n\t\t\t\t\t\t\t\t\t<span class=\"elementor-button-text\">Get to know us<\/span>\n\t\t\t\t\t<\/span>\n\t\t\t\t\t<\/a>\n\t\t\t\t<\/div>\n\t\t\t\t\t\t\t\t<\/div>\n\t\t\t\t<\/div>\n\t\t\t\t<div class=\"elementor-element elementor-element-bb45c82 elementor-align-right elementor-tablet-align-left elementor-widget-tablet__width-auto elementor-widget-mobile__width-auto elementor-invisible elementor-widget elementor-widget-button\" data-id=\"bb45c82\" data-element_type=\"widget\" data-settings=\"{&quot;_animation&quot;:&quot;fadeInUp&quot;}\" data-widget_type=\"button.default\">\n\t\t\t\t<div class=\"elementor-widget-container\">\n\t\t\t\t\t\t\t\t\t<div class=\"elementor-button-wrapper\">\n\t\t\t\t\t<a class=\"elementor-button elementor-button-link elementor-size-md\" href=\"https:\/\/lalectora.com\/en\/galeria\/\">\n\t\t\t\t\t\t<span class=\"elementor-button-content-wrapper\">\n\t\t\t\t\t\t\t\t\t<span class=\"elementor-button-text\">View more<\/span>\n\t\t\t\t\t<\/span>\n\t\t\t\t\t<\/a>\n\t\t\t\t<\/div>\n\t\t\t\t\t\t\t\t<\/div>\n\t\t\t\t<\/div>\n\t\t\t\t<\/div>\n\t\t\t\t<\/div>\n\t\t\t\t\t<\/div>\n\t\t\t\t<\/div>\n\t\t<div class=\"elementor-element elementor-element-8d0c824 e-flex e-con-boxed e-con e-parent\" data-id=\"8d0c824\" data-element_type=\"container\" data-settings=\"{&quot;background_background&quot;:&quot;classic&quot;}\">\n\t\t\t\t\t<div class=\"e-con-inner\">\n\t\t\t\t<div class=\"elementor-element elementor-element-797a925 elementor-widget__width-initial elementor-widget-mobile__width-initial elementor-widget elementor-widget-image\" data-id=\"797a925\" data-element_type=\"widget\" data-widget_type=\"image.default\">\n\t\t\t\t<div class=\"elementor-widget-container\">\n\t\t\t\t\t\t\t\t\t\t\t\t\t\t\t\t<a href=\"https:\/\/planderecuperacion.gob.es\/\" target=\"_blank\">\n\t\t\t\t\t\t\t<img loading=\"lazy\" decoding=\"async\" width=\"1920\" height=\"1080\" src=\"https:\/\/lalectora.com\/wp-content\/uploads\/2023\/07\/LOGO-COLOR.jpg\" class=\"attachment-full size-full wp-image-1108\" alt=\"\" srcset=\"https:\/\/lalectora.com\/wp-content\/uploads\/2023\/07\/LOGO-COLOR.jpg 1920w, https:\/\/lalectora.com\/wp-content\/uploads\/2023\/07\/LOGO-COLOR-300x169.jpg 300w, https:\/\/lalectora.com\/wp-content\/uploads\/2023\/07\/LOGO-COLOR-1024x576.jpg 1024w, https:\/\/lalectora.com\/wp-content\/uploads\/2023\/07\/LOGO-COLOR-768x432.jpg 768w, https:\/\/lalectora.com\/wp-content\/uploads\/2023\/07\/LOGO-COLOR-1536x864.jpg 1536w\" sizes=\"(max-width: 1920px) 100vw, 1920px\" \/>\t\t\t\t\t\t\t\t<\/a>\n\t\t\t\t\t\t\t\t\t\t\t\t\t\t\t<\/div>\n\t\t\t\t<\/div>\n\t\t\t\t<div class=\"elementor-element elementor-element-fb478b7 elementor-widget__width-initial elementor-widget-mobile__width-initial elementor-widget elementor-widget-image\" data-id=\"fb478b7\" data-element_type=\"widget\" data-widget_type=\"image.default\">\n\t\t\t\t<div class=\"elementor-widget-container\">\n\t\t\t\t\t\t\t\t\t\t\t\t\t\t\t\t<a href=\"https:\/\/next-generation-eu.europa.eu\/index_en\" target=\"_blank\">\n\t\t\t\t\t\t\t<img loading=\"lazy\" decoding=\"async\" width=\"2560\" height=\"679\" src=\"https:\/\/lalectora.com\/wp-content\/uploads\/2023\/07\/ES-Financiado-por-la-Union-Europea_PANTONE-scaled-1.jpg\" class=\"attachment-full size-full wp-image-1110\" alt=\"\" srcset=\"https:\/\/lalectora.com\/wp-content\/uploads\/2023\/07\/ES-Financiado-por-la-Union-Europea_PANTONE-scaled-1.jpg 2560w, https:\/\/lalectora.com\/wp-content\/uploads\/2023\/07\/ES-Financiado-por-la-Union-Europea_PANTONE-scaled-1-300x80.jpg 300w, https:\/\/lalectora.com\/wp-content\/uploads\/2023\/07\/ES-Financiado-por-la-Union-Europea_PANTONE-scaled-1-1024x272.jpg 1024w, https:\/\/lalectora.com\/wp-content\/uploads\/2023\/07\/ES-Financiado-por-la-Union-Europea_PANTONE-scaled-1-768x204.jpg 768w, https:\/\/lalectora.com\/wp-content\/uploads\/2023\/07\/ES-Financiado-por-la-Union-Europea_PANTONE-scaled-1-1536x407.jpg 1536w, https:\/\/lalectora.com\/wp-content\/uploads\/2023\/07\/ES-Financiado-por-la-Union-Europea_PANTONE-scaled-1-2048x543.jpg 2048w\" sizes=\"(max-width: 2560px) 100vw, 2560px\" \/>\t\t\t\t\t\t\t\t<\/a>\n\t\t\t\t\t\t\t\t\t\t\t\t\t\t\t<\/div>\n\t\t\t\t<\/div>\n\t\t\t\t\t<\/div>\n\t\t\t\t<\/div>\n\t\t<div class=\"elementor-element elementor-element-490ab60 e-flex e-con-boxed e-con e-parent\" data-id=\"490ab60\" data-element_type=\"container\">\n\t\t\t\t\t<div class=\"e-con-inner\">\n\t\t\t\t<div class=\"elementor-element elementor-element-42126d0 elementor-widget elementor-widget-text-editor\" data-id=\"42126d0\" data-element_type=\"widget\" data-widget_type=\"text-editor.default\">\n\t\t\t\t<div class=\"elementor-widget-container\">\n\t\t\t\t\t\t\t\t\t<p style=\"text-align: center;\"><span style=\"color: #999999;\">Financiado por la Uni\u00f3n Europea \u2013 NextGenerationEU<\/span><\/p>\t\t\t\t\t\t\t\t<\/div>\n\t\t\t\t<\/div>\n\t\t\t\t\t<\/div>\n\t\t\t\t<\/div>\n\t\t\t\t<\/div>","protected":false},"excerpt":{"rendered":"<p>La Lectora cafeter\u00eda literaria Disfruta de lo que m\u00e1s te apetezca tomar en nuestra cafeter\u00eda.\u00a0 \u00a1Visita nuestra carta y d\u00e9jate llevar!\u00bb Nuestra carta \u00a1Ven a visitarnos! Haz clic aqu\u00ed para descubrir c\u00f3mo llegar y sumergirte en el deleite de nuestras bebidas naturales y lecturas inspiradoras \u00a1Estamos aqu\u00cd! Una cafeter\u00eda \u00fanica transformada en un espacio cultural [&hellip;]<\/p>","protected":false},"author":1,"featured_media":820,"parent":0,"menu_order":0,"comment_status":"closed","ping_status":"closed","template":"","meta":{"footnotes":""},"class_list":["post-816","page","type-page","status-publish","has-post-thumbnail","hentry"],"yoast_head":"<!-- This site is optimized with the Yoast SEO plugin v26.1.1 - https:\/\/yoast.com\/wordpress\/plugins\/seo\/ -->\n<title>Cafeter\u00eda - La Lectora<\/title>\n<meta name=\"description\" content=\"Disfruta de lo que m\u00e1s te apetezca tomar en nuestra cafeter\u00eda, mientras te sumerges en p\u00e1ginas llenas de historias y sue\u00f1os. \u00a1Vis\u00edtanos!\" \/>\n<meta name=\"robots\" content=\"index, follow, max-snippet:-1, max-image-preview:large, max-video-preview:-1\" \/>\n<link rel=\"canonical\" href=\"https:\/\/lalectora.com\/en\/\" \/>\n<meta property=\"og:locale\" content=\"en_GB\" \/>\n<meta property=\"og:type\" content=\"article\" \/>\n<meta property=\"og:title\" content=\"Cafeter\u00eda - La Lectora\" \/>\n<meta property=\"og:description\" content=\"Disfruta de lo que m\u00e1s te apetezca tomar en nuestra cafeter\u00eda, mientras te sumerges en p\u00e1ginas llenas de historias y sue\u00f1os. \u00a1Vis\u00edtanos!\" \/>\n<meta property=\"og:url\" content=\"https:\/\/lalectora.com\/en\/\" \/>\n<meta property=\"og:site_name\" content=\"La Lectora\" \/>\n<meta property=\"article:publisher\" content=\"https:\/\/www.facebook.com\/lalectoracafeliterario\" \/>\n<meta property=\"article:modified_time\" content=\"2023-12-28T10:42:13+00:00\" \/>\n<meta property=\"og:image\" content=\"https:\/\/lalectora.com\/wp-content\/uploads\/2023\/06\/lalectora-portada-scaled.webp\" \/>\n\t<meta property=\"og:image:width\" content=\"2560\" \/>\n\t<meta property=\"og:image:height\" content=\"1307\" \/>\n\t<meta property=\"og:image:type\" content=\"image\/webp\" \/>\n<meta name=\"twitter:card\" content=\"summary_large_image\" \/>\n<meta name=\"twitter:label1\" content=\"Estimated reading time\" \/>\n\t<meta name=\"twitter:data1\" content=\"2 minutes\" \/>\n<script type=\"application\/ld+json\" class=\"yoast-schema-graph\">{\"@context\":\"https:\/\/schema.org\",\"@graph\":[{\"@type\":\"WebPage\",\"@id\":\"https:\/\/lalectora.com\/\",\"url\":\"https:\/\/lalectora.com\/\",\"name\":\"Cafeter\u00eda - La Lectora\",\"isPartOf\":{\"@id\":\"https:\/\/lalectora.com\/#website\"},\"primaryImageOfPage\":{\"@id\":\"https:\/\/lalectora.com\/#primaryimage\"},\"image\":{\"@id\":\"https:\/\/lalectora.com\/#primaryimage\"},\"thumbnailUrl\":\"https:\/\/lalectora.com\/wp-content\/uploads\/2023\/06\/lalectora-portada-scaled.webp\",\"datePublished\":\"2023-06-28T09:17:52+00:00\",\"dateModified\":\"2023-12-28T10:42:13+00:00\",\"description\":\"Disfruta de lo que m\u00e1s te apetezca tomar en nuestra cafeter\u00eda, mientras te sumerges en p\u00e1ginas llenas de historias y sue\u00f1os. \u00a1Vis\u00edtanos!\",\"breadcrumb\":{\"@id\":\"https:\/\/lalectora.com\/#breadcrumb\"},\"inLanguage\":\"en-GB\",\"potentialAction\":[{\"@type\":\"ReadAction\",\"target\":[\"https:\/\/lalectora.com\/\"]}]},{\"@type\":\"ImageObject\",\"inLanguage\":\"en-GB\",\"@id\":\"https:\/\/lalectora.com\/#primaryimage\",\"url\":\"https:\/\/lalectora.com\/wp-content\/uploads\/2023\/06\/lalectora-portada-scaled.webp\",\"contentUrl\":\"https:\/\/lalectora.com\/wp-content\/uploads\/2023\/06\/lalectora-portada-scaled.webp\",\"width\":2560,\"height\":1307,\"caption\":\"Cafeter\u00eda en el centro de C\u00e1diz\"},{\"@type\":\"BreadcrumbList\",\"@id\":\"https:\/\/lalectora.com\/#breadcrumb\",\"itemListElement\":[{\"@type\":\"ListItem\",\"position\":1,\"name\":\"Portada\",\"item\":\"https:\/\/lalectora.com\/\"},{\"@type\":\"ListItem\",\"position\":2,\"name\":\"Cafeter\u00eda\"}]},{\"@type\":\"WebSite\",\"@id\":\"https:\/\/lalectora.com\/#website\",\"url\":\"https:\/\/lalectora.com\/\",\"name\":\"La Lectora\",\"description\":\"Cafeter\u00eda en C\u00e1diz\",\"publisher\":{\"@id\":\"https:\/\/lalectora.com\/#organization\"},\"potentialAction\":[{\"@type\":\"SearchAction\",\"target\":{\"@type\":\"EntryPoint\",\"urlTemplate\":\"https:\/\/lalectora.com\/?s={search_term_string}\"},\"query-input\":{\"@type\":\"PropertyValueSpecification\",\"valueRequired\":true,\"valueName\":\"search_term_string\"}}],\"inLanguage\":\"en-GB\"},{\"@type\":\"Organization\",\"@id\":\"https:\/\/lalectora.com\/#organization\",\"name\":\"La Lectora cafeter\u00eda literaria\",\"url\":\"https:\/\/lalectora.com\/\",\"logo\":{\"@type\":\"ImageObject\",\"inLanguage\":\"en-GB\",\"@id\":\"https:\/\/lalectora.com\/#\/schema\/logo\/image\/\",\"url\":\"https:\/\/lalectora.com\/wp-content\/uploads\/2023\/02\/lalectora-logo.png\",\"contentUrl\":\"https:\/\/lalectora.com\/wp-content\/uploads\/2023\/02\/lalectora-logo.png\",\"width\":462,\"height\":91,\"caption\":\"La Lectora cafeter\u00eda literaria\"},\"image\":{\"@id\":\"https:\/\/lalectora.com\/#\/schema\/logo\/image\/\"},\"sameAs\":[\"https:\/\/www.facebook.com\/lalectoracafeliterario\",\"https:\/\/www.instagram.com\/lalectoracadiz\/\"]}]}<\/script>\n<!-- \/ Yoast SEO plugin. -->","yoast_head_json":{"title":"Cafeter\u00eda - La Lectora","description":"Disfruta de lo que m\u00e1s te apetezca tomar en nuestra cafeter\u00eda, mientras te sumerges en p\u00e1ginas llenas de historias y sue\u00f1os. \u00a1Vis\u00edtanos!","robots":{"index":"index","follow":"follow","max-snippet":"max-snippet:-1","max-image-preview":"max-image-preview:large","max-video-preview":"max-video-preview:-1"},"canonical":"https:\/\/lalectora.com\/en\/","og_locale":"en_GB","og_type":"article","og_title":"Cafeter\u00eda - La Lectora","og_description":"Disfruta de lo que m\u00e1s te apetezca tomar en nuestra cafeter\u00eda, mientras te sumerges en p\u00e1ginas llenas de historias y sue\u00f1os. \u00a1Vis\u00edtanos!","og_url":"https:\/\/lalectora.com\/en\/","og_site_name":"La Lectora","article_publisher":"https:\/\/www.facebook.com\/lalectoracafeliterario","article_modified_time":"2023-12-28T10:42:13+00:00","og_image":[{"width":2560,"height":1307,"url":"https:\/\/lalectora.com\/wp-content\/uploads\/2023\/06\/lalectora-portada-scaled.webp","type":"image\/webp"}],"twitter_card":"summary_large_image","twitter_misc":{"Estimated reading time":"2 minutes"},"schema":{"@context":"https:\/\/schema.org","@graph":[{"@type":"WebPage","@id":"https:\/\/lalectora.com\/","url":"https:\/\/lalectora.com\/","name":"Cafeter\u00eda - La Lectora","isPartOf":{"@id":"https:\/\/lalectora.com\/#website"},"primaryImageOfPage":{"@id":"https:\/\/lalectora.com\/#primaryimage"},"image":{"@id":"https:\/\/lalectora.com\/#primaryimage"},"thumbnailUrl":"https:\/\/lalectora.com\/wp-content\/uploads\/2023\/06\/lalectora-portada-scaled.webp","datePublished":"2023-06-28T09:17:52+00:00","dateModified":"2023-12-28T10:42:13+00:00","description":"Disfruta de lo que m\u00e1s te apetezca tomar en nuestra cafeter\u00eda, mientras te sumerges en p\u00e1ginas llenas de historias y sue\u00f1os. \u00a1Vis\u00edtanos!","breadcrumb":{"@id":"https:\/\/lalectora.com\/#breadcrumb"},"inLanguage":"en-GB","potentialAction":[{"@type":"ReadAction","target":["https:\/\/lalectora.com\/"]}]},{"@type":"ImageObject","inLanguage":"en-GB","@id":"https:\/\/lalectora.com\/#primaryimage","url":"https:\/\/lalectora.com\/wp-content\/uploads\/2023\/06\/lalectora-portada-scaled.webp","contentUrl":"https:\/\/lalectora.com\/wp-content\/uploads\/2023\/06\/lalectora-portada-scaled.webp","width":2560,"height":1307,"caption":"Cafeter\u00eda en el centro de C\u00e1diz"},{"@type":"BreadcrumbList","@id":"https:\/\/lalectora.com\/#breadcrumb","itemListElement":[{"@type":"ListItem","position":1,"name":"Portada","item":"https:\/\/lalectora.com\/"},{"@type":"ListItem","position":2,"name":"Cafeter\u00eda"}]},{"@type":"WebSite","@id":"https:\/\/lalectora.com\/#website","url":"https:\/\/lalectora.com\/","name":"La Lectora","description":"Cafeter\u00eda en C\u00e1diz","publisher":{"@id":"https:\/\/lalectora.com\/#organization"},"potentialAction":[{"@type":"SearchAction","target":{"@type":"EntryPoint","urlTemplate":"https:\/\/lalectora.com\/?s={search_term_string}"},"query-input":{"@type":"PropertyValueSpecification","valueRequired":true,"valueName":"search_term_string"}}],"inLanguage":"en-GB"},{"@type":"Organization","@id":"https:\/\/lalectora.com\/#organization","name":"La Lectora cafeter\u00eda literaria","url":"https:\/\/lalectora.com\/","logo":{"@type":"ImageObject","inLanguage":"en-GB","@id":"https:\/\/lalectora.com\/#\/schema\/logo\/image\/","url":"https:\/\/lalectora.com\/wp-content\/uploads\/2023\/02\/lalectora-logo.png","contentUrl":"https:\/\/lalectora.com\/wp-content\/uploads\/2023\/02\/lalectora-logo.png","width":462,"height":91,"caption":"La Lectora cafeter\u00eda literaria"},"image":{"@id":"https:\/\/lalectora.com\/#\/schema\/logo\/image\/"},"sameAs":["https:\/\/www.facebook.com\/lalectoracafeliterario","https:\/\/www.instagram.com\/lalectoracadiz\/"]}]}},"_links":{"self":[{"href":"https:\/\/lalectora.com\/en\/wp-json\/wp\/v2\/pages\/816","targetHints":{"allow":["GET"]}}],"collection":[{"href":"https:\/\/lalectora.com\/en\/wp-json\/wp\/v2\/pages"}],"about":[{"href":"https:\/\/lalectora.com\/en\/wp-json\/wp\/v2\/types\/page"}],"author":[{"embeddable":true,"href":"https:\/\/lalectora.com\/en\/wp-json\/wp\/v2\/users\/1"}],"replies":[{"embeddable":true,"href":"https:\/\/lalectora.com\/en\/wp-json\/wp\/v2\/comments?post=816"}],"version-history":[{"count":83,"href":"https:\/\/lalectora.com\/en\/wp-json\/wp\/v2\/pages\/816\/revisions"}],"predecessor-version":[{"id":1159,"href":"https:\/\/lalectora.com\/en\/wp-json\/wp\/v2\/pages\/816\/revisions\/1159"}],"wp:featuredmedia":[{"embeddable":true,"href":"https:\/\/lalectora.com\/en\/wp-json\/wp\/v2\/media\/820"}],"wp:attachment":[{"href":"https:\/\/lalectora.com\/en\/wp-json\/wp\/v2\/media?parent=816"}],"curies":[{"name":"wp","href":"https:\/\/api.w.org\/{rel}","templated":true}]}}